{"id":68,"date":"2023-05-30T19:10:25","date_gmt":"2023-05-30T17:10:25","guid":{"rendered":"https:\/\/onescenery.com\/?post_type=product&#038;p=68"},"modified":"2025-07-22T03:59:18","modified_gmt":"2025-07-22T01:59:18","slug":"68","status":"publish","type":"product","link":"https:\/\/onescenery.com\/index.php\/produit\/68\/","title":{"rendered":"Le grand hall Orc"},"content":{"rendered":"<p>Les\u00a0 D\u00e9cors sont en r\u00e9sin\u00e9 et r\u00e9alis\u00e9 en impression 3D uniquement sur commande.<\/p>\n","protected":false},"excerpt":{"rendered":"<p>Grand Hall Orc<\/p>\n","protected":false},"featured_media":69,"comment_status":"open","ping_status":"closed","template":"","meta":{"site-sidebar-layout":"default","site-content-layout":"default","ast-global-header-display":"","ast-banner-title-visibility":"","ast-main-header-display":"","ast-hfb-above-header-display":"","ast-hfb-below-header-display":"","ast-hfb-mobile-header-display":"","site-post-title":"","ast-breadcrumbs-content":"","ast-featured-img":"","footer-sml-layout":"","theme-transparent-header-meta":"default","adv-header-id-meta":"","stick-header-meta":"","header-above-stick-meta":"","header-main-stick-meta":"","header-below-stick-meta":""},"product_cat":[28,29],"product_tag":[],"class_list":["post-68","product","type-product","status-publish","has-post-thumbnail","hentry","product_cat-mujjas-forge","product_cat-orc","desktop-align-left","tablet-align-left","mobile-align-left"],"jetpack-related-posts":[{"id":72,"url":"https:\/\/onescenery.com\/index.php\/produit\/armurerie-orc\/","url_meta":{"origin":68,"position":0},"title":"Armurerie Orc","date":"30 mai 2023","format":false,"excerpt":"Essentiel pour pour mener \u00e0 bien une bonne guerre.","rel":"","context":"Article similaire","img":{"alt_text":"","src":"https:\/\/i0.wp.com\/onescenery.com\/wp-content\/uploads\/2023\/05\/Armurerie-Orc-1.png?fit=1000%2C1000&ssl=1&resize=350%2C200","width":350,"height":200},"classes":[]},{"id":20,"url":"https:\/\/onescenery.com\/index.php\/produit\/phare-de-pirate\/","url_meta":{"origin":68,"position":1},"title":"Phare de Pirate","date":"29 mai 2023","format":false,"excerpt":"Le Phare de pirate est compos\u00e9 d'une unique pi\u00e8ce de 282 mm de hauteur. D\u00e9cors de TabletopTerrain.","rel":"","context":"Article similaire","img":{"alt_text":"","src":"https:\/\/i0.wp.com\/onescenery.com\/wp-content\/uploads\/2023\/05\/Phare-de-pirate.png?fit=1080%2C1080&ssl=1&resize=350%2C200","width":350,"height":200},"classes":[]},{"id":19,"url":"https:\/\/onescenery.com\/index.php\/produit\/bateau-de-pirate\/","url_meta":{"origin":68,"position":2},"title":"Bateau de Pirate","date":"29 mai 2023","format":false,"excerpt":"Le bateau de pirate pr\u00eat \u00e0 rejoindre sont rep\u00e8re. D\u00e9cors de TabletopTerrain.","rel":"","context":"Article similaire","img":{"alt_text":"","src":"https:\/\/i0.wp.com\/onescenery.com\/wp-content\/uploads\/2023\/05\/Bateau-de-pirate-01.png?fit=1080%2C1080&ssl=1&resize=350%2C200","width":350,"height":200},"classes":[]},{"id":23,"url":"https:\/\/onescenery.com\/index.php\/produit\/phare-de-la-marine\/","url_meta":{"origin":68,"position":3},"title":"Phare de la Marine","date":"29 mai 2023","format":false,"excerpt":"Le phare est adoss\u00e9 \u00e0 la maison du gardien. D\u00e9cors de TabletopTerrain.","rel":"","context":"Article similaire","img":{"alt_text":"","src":"https:\/\/i0.wp.com\/onescenery.com\/wp-content\/uploads\/2023\/05\/Phare-de-la-Marine.png?fit=1080%2C1080&ssl=1&resize=350%2C200","width":350,"height":200},"classes":[]},{"id":22,"url":"https:\/\/onescenery.com\/index.php\/produit\/bateau-de-la-marine\/","url_meta":{"origin":68,"position":4},"title":"Bateau de la Marine","date":"29 mai 2023","format":false,"excerpt":"Le bateau de la marine sillone les mers pour chasser les pirate de leur eaux. D\u00e9cors de TabletopTerrain.","rel":"","context":"Article similaire","img":{"alt_text":"","src":"https:\/\/i0.wp.com\/onescenery.com\/wp-content\/uploads\/2023\/05\/Bateau-de-la-marine-01.png?fit=1080%2C1080&ssl=1&resize=350%2C200","width":350,"height":200},"classes":[]},{"id":75,"url":"https:\/\/onescenery.com\/index.php\/produit\/le-royaume-des-legionnaires\/","url_meta":{"origin":68,"position":5},"title":"Le royaume des l\u00e9gionnaires","date":"30 mai 2023","format":false,"excerpt":"Parfait pour garder Les crois\u00e9 en s\u00e9curit\u00e9.","rel":"","context":"Article similaire","img":{"alt_text":"","src":"https:\/\/i0.wp.com\/onescenery.com\/wp-content\/uploads\/2023\/05\/Regnum-Legionense.png?fit=1000%2C1000&ssl=1&resize=350%2C200","width":350,"height":200},"classes":[]}],"_links":{"self":[{"href":"https:\/\/onescenery.com\/index.php\/wp-json\/wp\/v2\/product\/68","targetHints":{"allow":["GET"]}}],"collection":[{"href":"https:\/\/onescenery.com\/index.php\/wp-json\/wp\/v2\/product"}],"about":[{"href":"https:\/\/onescenery.com\/index.php\/wp-json\/wp\/v2\/types\/product"}],"replies":[{"embeddable":true,"href":"https:\/\/onescenery.com\/index.php\/wp-json\/wp\/v2\/comments?post=68"}],"wp:featuredmedia":[{"embeddable":true,"href":"https:\/\/onescenery.com\/index.php\/wp-json\/wp\/v2\/media\/69"}],"wp:attachment":[{"href":"https:\/\/onescenery.com\/index.php\/wp-json\/wp\/v2\/media?parent=68"}],"wp:term":[{"taxonomy":"product_cat","embeddable":true,"href":"https:\/\/onescenery.com\/index.php\/wp-json\/wp\/v2\/product_cat?post=68"},{"taxonomy":"product_tag","embeddable":true,"href":"https:\/\/onescenery.com\/index.php\/wp-json\/wp\/v2\/product_tag?post=68"}],"curies":[{"name":"wp","href":"https:\/\/api.w.org\/{rel}","templated":true}]}}