{"id":19,"date":"2023-05-29T19:01:42","date_gmt":"2023-05-29T17:01:42","guid":{"rendered":"https:\/\/onescenery.com\/?post_type=product&#038;p=19"},"modified":"2023-05-31T13:44:48","modified_gmt":"2023-05-31T11:44:48","slug":"bateau-de-pirate","status":"publish","type":"product","link":"https:\/\/onescenery.com\/index.php\/produit\/bateau-de-pirate\/","title":{"rendered":"Bateau de Pirate"},"content":{"rendered":"<p>Les\u00a0 D\u00e9cors sont en r\u00e9sin\u00e9 et r\u00e9alis\u00e9 en impression 3D uniquement sur commande.<\/p>\n","protected":false},"excerpt":{"rendered":"<p>Le bateau de pirate pr\u00eat \u00e0 rejoindre sont rep\u00e8re.<\/p>\n<p>D\u00e9cors de TabletopTerrain.<\/p>\n","protected":false},"featured_media":28,"comment_status":"open","ping_status":"closed","template":"","meta":{"site-sidebar-layout":"default","site-content-layout":"default","ast-global-header-display":"","ast-banner-title-visibility":"","ast-main-header-display":"","ast-hfb-above-header-display":"","ast-hfb-below-header-display":"","ast-hfb-mobile-header-display":"","site-post-title":"","ast-breadcrumbs-content":"","ast-featured-img":"","footer-sml-layout":"","theme-transparent-header-meta":"default","adv-header-id-meta":"","stick-header-meta":"","header-above-stick-meta":"","header-main-stick-meta":"","header-below-stick-meta":""},"product_cat":[24,25],"product_tag":[],"class_list":["post-19","product","type-product","status-publish","has-post-thumbnail","hentry","product_cat-marin-pirate","product_cat-pirate","desktop-align-left","tablet-align-left","mobile-align-left"],"jetpack-related-posts":[{"id":22,"url":"https:\/\/onescenery.com\/index.php\/produit\/bateau-de-la-marine\/","url_meta":{"origin":19,"position":0},"title":"Bateau de la Marine","date":"29 mai 2023","format":false,"excerpt":"Le bateau de la marine sillone les mers pour chasser les pirate de leur eaux. D\u00e9cors de TabletopTerrain.","rel":"","context":"Article similaire","img":{"alt_text":"","src":"https:\/\/i0.wp.com\/onescenery.com\/wp-content\/uploads\/2023\/05\/Bateau-de-la-marine-01.png?fit=1080%2C1080&ssl=1&resize=350%2C200","width":350,"height":200},"classes":[]},{"id":14,"url":"https:\/\/onescenery.com\/index.php\/produit\/hoodie-with-logo\/","url_meta":{"origin":19,"position":1},"title":"Docks de pirate","date":"29 mai 2023","format":false,"excerpt":"Le dock de pirate est un ensemble de deux b\u00e2timents relier par des passerelles en bois. Il est \u00e9galement compos\u00e9 d'un ponton permettant de recevoir le bateau de pirate. D\u00e9cors de TabletopTerrain. \u00a0","rel":"","context":"Article similaire","img":{"alt_text":"","src":"https:\/\/i0.wp.com\/onescenery.com\/wp-content\/uploads\/2023\/05\/Dock-de-pirate-01.png?fit=1080%2C1080&ssl=1&resize=350%2C200","width":350,"height":200},"classes":[]},{"id":21,"url":"https:\/\/onescenery.com\/index.php\/produit\/dock-de-la-marine\/","url_meta":{"origin":19,"position":2},"title":"Dock de la Marine","date":"29 mai 2023","format":false,"excerpt":"Le dock de la marine est un ensemble d'un b\u00e2timent et d'une tour relier par des passerelles en bois. Il est \u00e9galement compos\u00e9 d'un ponton permettant de recevoir le bateau de la marine. D\u00e9cors de TabletopTerrain.","rel":"","context":"Article similaire","img":{"alt_text":"","src":"https:\/\/i0.wp.com\/onescenery.com\/wp-content\/uploads\/2023\/05\/Dock-de-la-Marine-01.png?fit=1080%2C1080&ssl=1&resize=350%2C200","width":350,"height":200},"classes":[]},{"id":20,"url":"https:\/\/onescenery.com\/index.php\/produit\/phare-de-pirate\/","url_meta":{"origin":19,"position":3},"title":"Phare de Pirate","date":"29 mai 2023","format":false,"excerpt":"Le Phare de pirate est compos\u00e9 d'une unique pi\u00e8ce de 282 mm de hauteur. D\u00e9cors de TabletopTerrain.","rel":"","context":"Article similaire","img":{"alt_text":"","src":"https:\/\/i0.wp.com\/onescenery.com\/wp-content\/uploads\/2023\/05\/Phare-de-pirate.png?fit=1080%2C1080&ssl=1&resize=350%2C200","width":350,"height":200},"classes":[]},{"id":23,"url":"https:\/\/onescenery.com\/index.php\/produit\/phare-de-la-marine\/","url_meta":{"origin":19,"position":4},"title":"Phare de la Marine","date":"29 mai 2023","format":false,"excerpt":"Le phare est adoss\u00e9 \u00e0 la maison du gardien. D\u00e9cors de TabletopTerrain.","rel":"","context":"Article similaire","img":{"alt_text":"","src":"https:\/\/i0.wp.com\/onescenery.com\/wp-content\/uploads\/2023\/05\/Phare-de-la-Marine.png?fit=1080%2C1080&ssl=1&resize=350%2C200","width":350,"height":200},"classes":[]},{"id":68,"url":"https:\/\/onescenery.com\/index.php\/produit\/68\/","url_meta":{"origin":19,"position":5},"title":"Le grand hall Orc","date":"30 mai 2023","format":false,"excerpt":"Grand Hall Orc","rel":"","context":"Article similaire","img":{"alt_text":"","src":"https:\/\/i0.wp.com\/onescenery.com\/wp-content\/uploads\/2023\/05\/Grand-hall-Orc-1.png?fit=1000%2C1000&ssl=1&resize=350%2C200","width":350,"height":200},"classes":[]}],"_links":{"self":[{"href":"https:\/\/onescenery.com\/index.php\/wp-json\/wp\/v2\/product\/19","targetHints":{"allow":["GET"]}}],"collection":[{"href":"https:\/\/onescenery.com\/index.php\/wp-json\/wp\/v2\/product"}],"about":[{"href":"https:\/\/onescenery.com\/index.php\/wp-json\/wp\/v2\/types\/product"}],"replies":[{"embeddable":true,"href":"https:\/\/onescenery.com\/index.php\/wp-json\/wp\/v2\/comments?post=19"}],"wp:featuredmedia":[{"embeddable":true,"href":"https:\/\/onescenery.com\/index.php\/wp-json\/wp\/v2\/media\/28"}],"wp:attachment":[{"href":"https:\/\/onescenery.com\/index.php\/wp-json\/wp\/v2\/media?parent=19"}],"wp:term":[{"taxonomy":"product_cat","embeddable":true,"href":"https:\/\/onescenery.com\/index.php\/wp-json\/wp\/v2\/product_cat?post=19"},{"taxonomy":"product_tag","embeddable":true,"href":"https:\/\/onescenery.com\/index.php\/wp-json\/wp\/v2\/product_tag?post=19"}],"curies":[{"name":"wp","href":"https:\/\/api.w.org\/{rel}","templated":true}]}}